{"id":183,"date":"2025-05-12T08:49:14","date_gmt":"2025-05-12T08:49:14","guid":{"rendered":"https:\/\/drimer.eu\/?page_id=183"},"modified":"2025-10-01T07:18:40","modified_gmt":"2025-10-01T07:18:40","slug":"eu-funds","status":"publish","type":"page","link":"https:\/\/drimer.eu\/en\/fundusze-unijne\/","title":{"rendered":"EU Funds"},"content":{"rendered":"<figure class=\"wp-block-image size-large\"><img decoding=\"async\" width=\"1024\" height=\"141\" src=\"https:\/\/drimer.eu\/wp-content\/uploads\/2025\/09\/FE_POIR_poziom_engl_page-0001.jpg\" alt=\"\" class=\"wp-image-79\" srcset=\"https:\/\/drimer.eu\/wp-content\/uploads\/2025\/09\/FE_POIR_poziom_engl_page-0001.jpg 2527w, https:\/\/drimer.eu\/wp-content\/uploads\/2025\/09\/FE_POIR_poziom_engl_page-0001-300x52.jpg 300w, https:\/\/drimer.eu\/wp-content\/uploads\/2025\/09\/FE_POIR_poziom_engl_page-0001-1024x177.jpg 1024w, https:\/\/drimer.eu\/wp-content\/uploads\/2025\/09\/FE_POIR_poziom_engl_page-0001-768x133.jpg 768w, https:\/\/drimer.eu\/wp-content\/uploads\/2025\/09\/FE_POIR_poziom_engl_page-0001-1536x266.jpg 1536w, https:\/\/drimer.eu\/wp-content\/uploads\/2025\/09\/FE_POIR_poziom_engl_page-0001-2048x355.jpg 2048w, https:\/\/drimer.eu\/wp-content\/uploads\/2025\/09\/FE_POIR_poziom_engl_page-0001-18x3.jpg 18w\" sizes=\"(max-width: 1024px) 100vw, 1024px\" \/><\/figure>\n\n\n\n<p><strong>DRIMER Ltd. is carrying out a project financed by European Funds under Action 3.2.1 Research to Market, entitled: \u201cImplementation of research results in order to introduce an innovative foil on the market by DRIMER\u201d.<\/strong><\/p>\n\n\n\n<p class=\"translation-block\">Project Aim: To increase the competitiveness and technological potential of DRIMER by introducing to the market an innovative foil. The technological solution developed during the R&amp;D works will allow DRIMER to include in its product offer an innovative foil that meets all customer\u2011reported needs.<\/p>\n\n\n\n<p>Innovation of the Solution: The innovation is based on designing the technological line for regranulate production, and machines for applying nano\u2011coatings, which together will make it possible to produce an innovative foil with parameters expected by customers and not present on the Polish or European market.<\/p>\n\n\n\n<p>Compared to existing foils from recyclate on the market, this foil will have greater durability, transparency, and hydrophobicity; reduced odor; lower electrostatic charge. It will be 100% derived from recovered materials (ecological).<\/p>\n\n\n\n<p>Thanks to the innovative product, the company will be able to offer customers a solution that addresses their identified problems, while also enabling the reuse of plastic waste, which aligns with current environmental requirements and pro\u2011ecological trends.<\/p>\n\n\n\n<p><strong>Project Value: PLN 19,273,664.09<\/strong><br><strong>Funding (co\u2011financing): PLN 6,994,280.52<\/strong><\/p>","protected":false},"excerpt":{"rendered":"<p>Przedsi\u0119biorstwo DRIMER Sp. z&nbsp;o.o. realizuje projekt dofinansowany z&nbsp;Funduszy Europejskich w&nbsp;ramach dzia\u0142ania 3.2.1 Badania na rynek, pn.: \u201eWdro\u017cenie wynik\u00f3w bada\u0144 w&nbsp;celu wprowadzenia na rynek innowacyjnej folii w&nbsp;firmie DRIMER\u201d Cel projektu: podniesienie konkurencyjno\u015bci oraz potencja\u0142u technologicznego Sp\u00f3\u0142ki DRIMER poprzez wdro\u017cenie na rynek innowacyjnej folii. Opracowane w&nbsp;toku prac B+R rozwi\u0105zanie technologiczne pozwoli na wprowadzenie do oferty produktowej firmy [&hellip;]<\/p>\n","protected":false},"author":1,"featured_media":0,"parent":0,"menu_order":0,"comment_status":"closed","ping_status":"closed","template":"","meta":{"_acf_changed":false,"footnotes":""},"class_list":["post-183","page","type-page","status-publish","hentry"],"acf":[],"_links":{"self":[{"href":"https:\/\/drimer.eu\/en\/wp-json\/wp\/v2\/pages\/183","targetHints":{"allow":["GET"]}}],"collection":[{"href":"https:\/\/drimer.eu\/en\/wp-json\/wp\/v2\/pages"}],"about":[{"href":"https:\/\/drimer.eu\/en\/wp-json\/wp\/v2\/types\/page"}],"author":[{"embeddable":true,"href":"https:\/\/drimer.eu\/en\/wp-json\/wp\/v2\/users\/1"}],"replies":[{"embeddable":true,"href":"https:\/\/drimer.eu\/en\/wp-json\/wp\/v2\/comments?post=183"}],"version-history":[{"count":4,"href":"https:\/\/drimer.eu\/en\/wp-json\/wp\/v2\/pages\/183\/revisions"}],"predecessor-version":[{"id":359,"href":"https:\/\/drimer.eu\/en\/wp-json\/wp\/v2\/pages\/183\/revisions\/359"}],"wp:attachment":[{"href":"https:\/\/drimer.eu\/en\/wp-json\/wp\/v2\/media?parent=183"}],"curies":[{"name":"wp","href":"https:\/\/api.w.org\/{rel}","templated":true}]}}